{"id":5999,"date":"2025-04-02T16:13:08","date_gmt":"2025-04-02T14:13:08","guid":{"rendered":"https:\/\/www.nosysaba.mg\/attivita\/"},"modified":"2025-12-17T08:08:05","modified_gmt":"2025-12-17T07:08:05","slug":"activites-nosy-saba","status":"publish","type":"page","link":"https:\/\/www.nosysaba.mg\/it\/activites-nosy-saba\/","title":{"rendered":"Attivita&#8217;"},"content":{"rendered":"<p><a href=\"#scroll-top\"><br \/>\n\t\t\t<svg xmlns=\"http:\/\/www.w3.org\/2000\/svg\" id=\"aa68d945-871d-4eef-92b8-b5da99129d56\" data-name=\"Calque 1\" width=\"281.03\" height=\"488.33\" viewBox=\"0 0 281.03 488.33\"><path d=\"M147.69,488.33H133.42c-3.6-.41-7.22-.75-10.81-1.24-33-4.57-61.29-18.7-84.16-43C13.33,417.31.32,385.37.17,348.67-.13,278.94,0,209.2.16,139.46A125.61,125.61,0,0,1,2,117.89c7.33-41.62,28.78-74.11,64.5-96.6,30.07-18.93,63-25,98.05-19.13a136.06,136.06,0,0,1,71.81,35.7,137.87,137.87,0,0,1,42.52,78.34c.89,5,1.46,10.08,2.18,15.12V357.06c-.17.78-.39,1.56-.5,2.34-.68,4.89-1.11,9.82-2,14.66A140.52,140.52,0,0,1,160.66,486.71C156.35,487.34,152,487.8,147.69,488.33ZM265.12,243.64c0-34.5.19-69-.14-103.52a129.24,129.24,0,0,0-2.86-26.39A124.51,124.51,0,0,0,122.85,17.19C61.89,25.81,16,78.66,16,140.26q0,102.83,0,205.67a136.59,136.59,0,0,0,1,17.51c4,30.73,17.47,56.65,40.6,77.13,27.85,24.66,60.61,35,97.57,30.75,31.36-3.58,57.64-17.54,78.54-41.14,21.25-24,31.43-52.31,31.35-84.39C265.05,311.74,265.12,277.69,265.12,243.64Z\" transform=\"translate(0)\"><\/path><path d=\"M137.84,384.24V292.1h10.58V385c1.31-1.2,2-1.81,2.71-2.49,7.06-7.05,14.05-14.16,21.2-21.1A8.84,8.84,0,0,1,177,359c2.07-.26,3.82,1,4.72,3.08a4.9,4.9,0,0,1-1,5.81Q163.86,384.84,147,401.69c-2.43,2.41-5.35,2.18-8-.44-5.14-5.09-10.22-10.22-15.33-15.34q-8.62-8.62-17.26-17.28c-2.6-2.62-2.84-5.78-.72-8,2.3-2.41,5.43-2.27,8.2.49q10.71,10.65,21.33,21.37a15.42,15.42,0,0,1,1.68,2.48Z\" transform=\"translate(0)\"><\/path><\/svg>\t\t\t<\/a><\/p>\n<h1>LE ATTIVITA\u2019<\/h1>\n<h2>Fare tutto o non far niente\u2026 Un dilemma gustoso !<\/h2>\n<p>Il mare lascia libero corso a tutte le voglie come un piccolo giro in canoa o in barca per partire ad incontrare i delfini, visitare le insenature ancora deserte o esplorare i fondali corallini e le loro ricchezze infinite. Amanti di sensazioni forti, l\u2019isola vi riserva un programma su misura : sci nautico, pesca alla traina, snorkeling, windsurf, vela o ancora kneeboard. <\/p>\n<p>Sulla terra ferma, la vostra giornata sar\u00e0 animata da diverse attivit\u00e0 di ogni tipo, ideali per gli appassionati di sport : una piscina olimpica di 50 m., golf practice, beach volley, ping-pong, trampolino, bigliardo, tiro all\u2019arco\u2026<\/p>\n<p>Per gli amanti della natura, la foresta primaria di 12 ettari e i suoi dintorni sono veri e propri santuari per le diverse specie endemiche : lemuri dagli occhi blu, uccelli, volpi volanti, farfalle, camaleonti, iguana, geckis\u2026<\/p>\n<p>Perch\u00e9 Nosy Saba, \u00e9 anche il relax e la calma, niente di pi\u00f9 riposante che un dolce farniente sui transats a bordo piscina o sulla spiaggia sorseggiando un bicchiere di Pi\u00f1a Colada. Un piacere da non mancare ! Sull\u2019isola, le giornate si susseguono ma non si assomigliano. Profittate di un pomeriggio per farvi coccolare nella magnifica spa di 300 m\u00b2 lasciandovi andare tra le mani delle massaggiatrici. Vi elargiranno le migliori cure agli olii essenziali di Ylang Ylang o di Ravintsara. Lasciatevi tentare dai benefici del bagno a turbine e della jacuzzi, il tempo di ricaricarvi. Ugualmente, un buon momento di benessere con le cure estetiche del corpo e del viso. Nosy Saba, \u00e9 fare di tutto o non far niente, scegliete voi !       <\/p>\n<h2>Escursioni Nosy Saba<\/h2>\n<p>\t\t\t\t\t\t\t\t\tTour dell\u2019isola<br \/>\n\t\t\t\t\t\t\t\t\tAnalalava e le sue mangrovie ( Fiume La Loza )<br \/>\n\t\t\t\t\t\t\t\t\tNosy Lava<br \/>\n\t\t\t\t\t\t\t\t\tNosy Antany Mora<br \/>\n\t\t\t\t\t\t\t\t\tParco di Sahamalaza<br \/>\n\t\t\t\t\t\t\t\t\tTour dell\u2019isola<\/p>\n<p>Il tour dell\u2019isola in barca vi permette di scoprire Nosy Saba sotto un\u2019altro punto di vista. Vedrete la magnifica punta Est dell\u2019isola, \u00ab la spiaggia degli uccelli \u00bb, le scogliere, superbe rocce scolpite dalle onde dell\u2019oceano e insenature dalle spiagge di sabbia bianca che la foresta vi sveler\u00e0.<br \/>Potrete inoltre scoprire i magnifici fondali marini dell\u2019isola in snorkeling, e se avrete un poco di fortuna, anche i delfini saranno all\u2019appuntamento.<\/p>\n<p>\t\t\t\t\t\t\t\t\tAnalalava e le sue mangrovie ( Fiume La Loza )<\/p>\n<p>A 45 minutes de Nosy Saba, Analalava est le dernier village \u00e0 franchir avant d\u2019atteindre les \u00eeles de l\u2019archipel des Radama. <br \/>Vous y appr\u00e9cierez le charme d\u2019une ancienne sous-pr\u00e9fecture coloniale et la beaut\u00e9 d\u2019un point de vue; vous y d\u00e9couvrirez le mode de vie tr\u00e8s modeste et traditionnel des habitants, les restaurants et bistrots tr\u00e8s typiques, les ruelles, etc. <br \/>Vous pourrez continuer la visite en remontant les diff\u00e9rents bras de la Loza, la rivi\u00e8re reliant Analalava et Antsohihy et vous y d\u00e9couvrirez l\u2019ambiance tr\u00e8s particuli\u00e8re des mangroves.<\/p>\n<p>\t\t\t\t\t\t\t\t\tNosy Lava<\/p>\n<p>Nosy Lava (ancienne prison), situ\u00e9e \u00e0 25km au large d\u2019Analalava, Nord-ouest de Madagascar, est une petite \u00eele malagasy c\u00e9l\u00e8bre pour son bagne. Une maison de force y fut contruite en 1911 par les Fran\u00e7ais.<br \/>A l\u2019approche du nouveau mill\u00e9naire, l\u2019ensemble des bagnards incarc\u00e9r\u00e9s avant l\u2019ind\u00e9pendance du pays qui avaient purg\u00e9 plus de 10 fois leur peine ont \u00e9t\u00e9 lib\u00e9r\u00e9s. Le bagne fut officiellement ferm\u00e9 en 2002.<br \/>L\u2019\u00eele de Nosy Lava contient \u00e9galement des tombeaux des Rois Sakalava. Son vieux phare m\u00e9rite une visite, d\u2019o\u00f9 la vue s\u2019\u00e9tend vers Nosy Saba au Nord, Analalava \u00e0 l\u2019Est et pointe Maromony au Sud. Il existe trois villages sur l\u2019\u00eele et on compte aux environs de 600 habitants.<\/p>\n<p>\u00a0<\/p>\n<p><img decoding=\"async\" src=\"https:\/\/www.nosysaba.mg\/wp-content\/uploads\/2025\/03\/Arrow-6.svg\" alt=\"\" width=\"31\" height=\"20\" \/> Pour en savoir plus, d\u00e9couvrez ce livre par <a href=\"https:\/\/www.amazon.fr\/sentinelle-fer-Roland-VILELLA\/dp\/2259243541\/ref=sr_1_1?s=books&amp;ie=UTF8&amp;qid=1499943660&amp;sr=1-1#reader_B01MEGB81L\" target=\"_blank\" rel=\"noopener\"><strong>Roland Vilella<\/strong><\/a><\/p>\n<p>\t\t\t\t\t\t\t\t\tNosy Antany Mora<\/p>\n<p>L\u2019\u00eele d\u2019Antany Mora est situ\u00e9e \u00e0 1 heure de Nosy Saba. Abord\u00e9e par le Nord, elle pr\u00e9sente de nombreux \u00eelots rocheux recouverts d\u2019une riche avifaune maritime. Sa longue plage au Nord est occup\u00e9e par un des plus importants campements de p\u00eacheurs de requins de cette C\u00f4te Nord Ouest. L\u2019\u00eele vit d\u2019ailleurs aujourd\u2019hui de la p\u00eache aux requins (dont la production part au Japon), thons, bonites et thazards qu\u2019ils revendent \u00e0 des interm\u00e9diaires qui achemineront le poisson vers la Grande Terre ou vers Nosy Be.<br \/>C\u2019est \u00e9galement lieu de nidification des oiseaux qui occupent les diff\u00e9rents \u00eelots. Un petit \u00e9colodge est en construction pour accueillir les amateurs de p\u00eache au gros.<\/p>\n<p>\t\t\t\t\t\t\t\t\tParco di Sahamalaza<br \/>\n\t\t\t\t\tLa p\u00e9ninsule de Sahamalaza se situe \u00e0 30 minutes de Nosy Saba ,entre la r\u00e9gion foresti\u00e8re humide de Sambirano dans le nord et la r\u00e9gion foresti\u00e8re s\u00e8che \u00e0 feuilles caduques de l\u2019ouest appel\u00e9e le Sambirano du Sud. Cette zone abrite des arbres de plus de 30 m de haut. Le Parc National assure la protection des esp\u00e8ces de l\u00e9muriens habitant les for\u00eats. Entre autres le L\u00e9mur flavifrons end\u00e9mique aux yeux bleus, le nocturne end\u00e9mique L\u00e9pilemur Sahamalazayus\u2026<br \/>\nLe parc national a une superficie de 26 035 ha divis\u00e9e en plusieurs parcelles : parcelle marine, terrestre, c\u00f4ti\u00e8re\u2026<br \/>\nEsp\u00e8ces particuli\u00e8res :<br \/>\n\u2013 08 esp\u00e8ces de l\u00e9muriens<br \/>\n\u2013 41 esp\u00e8ces d\u2019oiseaux<br \/>\n\u2013 Plus de 160 esp\u00e8ces de poissons enregistr\u00e9s dont la raie Manta et le requin blanc<br \/>\n\u2013 Plus de 210 de coraux et d\u2019invert\u00e9br\u00e9s<br \/>\n\u2013 03 esp\u00e8ces de tortue marine\u2026etc<br \/>\n<a href=\"https:\/\/www.parcs-madagascar.com\/\" target=\"_blank\" rel=\"noopener\"><img decoding=\"async\" src=\"https:\/\/www.nosysaba.mg\/wp-content\/uploads\/2025\/03\/Arrow-6-1.svg\" alt=\"\" width=\"31\" height=\"20\" \/> En savoir plus<\/a><br \/>\n\t\t\t\t\t\t\t<a href=\"https:\/\/www.nosysaba.mg\/wp-content\/uploads\/2025\/04\/Accueil-3-1.jpg\" data-elementor-open-lightbox=\"yes\" data-elementor-lightbox-slideshow=\"de890e1\" data-elementor-lightbox-title=\"Accueil-3\" data-e-action-hash=\"#elementor-action%3Aaction%3Dlightbox%26settings%3DeyJpZCI6NDg4MSwidXJsIjoiaHR0cHM6XC9cL3d3dy5ub3N5c2FiYS5tZ1wvd3AtY29udGVudFwvdXBsb2Fkc1wvMjAyNVwvMDRcL0FjY3VlaWwtMy0xLmpwZyIsInNsaWRlc2hvdyI6ImRlODkwZTEifQ%3D%3D\"><br \/>\n\t\t\t\t\t\t\t\t\t\t\t\t\t\t<\/a><br \/>\n\t\t\t\t\t\t\t<a href=\"https:\/\/www.nosysaba.mg\/wp-content\/uploads\/2025\/04\/activite-terrestre-nautique1.jpg\" data-elementor-open-lightbox=\"yes\" data-elementor-lightbox-slideshow=\"de890e1\" data-elementor-lightbox-title=\"activite-terrestre-nautique1\" data-e-action-hash=\"#elementor-action%3Aaction%3Dlightbox%26settings%3DeyJpZCI6NDg1MywidXJsIjoiaHR0cHM6XC9cL3d3dy5ub3N5c2FiYS5tZ1wvd3AtY29udGVudFwvdXBsb2Fkc1wvMjAyNVwvMDRcL2FjdGl2aXRlLXRlcnJlc3RyZS1uYXV0aXF1ZTEuanBnIiwic2xpZGVzaG93IjoiZGU4OTBlMSJ9\"><br \/>\n\t\t\t\t\t\t\t\t\t\t\t\t\t\t<\/a><br \/>\n\t\t\t\t\t\t\t<a href=\"https:\/\/www.nosysaba.mg\/wp-content\/uploads\/2025\/04\/loisirs-nosybe-1.jpg\" data-elementor-open-lightbox=\"yes\" data-elementor-lightbox-slideshow=\"de890e1\" data-elementor-lightbox-title=\"loisirs-nosybe (1)\" data-e-action-hash=\"#elementor-action%3Aaction%3Dlightbox%26settings%3DeyJpZCI6NDg3MSwidXJsIjoiaHR0cHM6XC9cL3d3dy5ub3N5c2FiYS5tZ1wvd3AtY29udGVudFwvdXBsb2Fkc1wvMjAyNVwvMDRcL2xvaXNpcnMtbm9zeWJlLTEuanBnIiwic2xpZGVzaG93IjoiZGU4OTBlMSJ9\"><br \/>\n\t\t\t\t\t\t\t\t\t\t\t\t\t\t<\/a><br \/>\n\t\t\t\t\t\t\t<a href=\"https:\/\/www.nosysaba.mg\/wp-content\/uploads\/2025\/04\/immense-piscine-nosy-saba.jpg\" data-elementor-open-lightbox=\"yes\" data-elementor-lightbox-slideshow=\"de890e1\" data-elementor-lightbox-title=\"immense-piscine-nosy-saba\" data-e-action-hash=\"#elementor-action%3Aaction%3Dlightbox%26settings%3DeyJpZCI6NDg2NSwidXJsIjoiaHR0cHM6XC9cL3d3dy5ub3N5c2FiYS5tZ1wvd3AtY29udGVudFwvdXBsb2Fkc1wvMjAyNVwvMDRcL2ltbWVuc2UtcGlzY2luZS1ub3N5LXNhYmEuanBnIiwic2xpZGVzaG93IjoiZGU4OTBlMSJ9\"><br \/>\n\t\t\t\t\t\t\t\t\t\t\t\t\t\t<\/a><br \/>\n\t\t\t\t\t\t\t<a href=\"https:\/\/www.nosysaba.mg\/wp-content\/uploads\/2025\/04\/activite-terrestre-nautique2-1.jpg\" data-elementor-open-lightbox=\"yes\" data-elementor-lightbox-slideshow=\"de890e1\" data-elementor-lightbox-title=\"activite-terrestre-nautique2 (1)\" data-e-action-hash=\"#elementor-action%3Aaction%3Dlightbox%26settings%3DeyJpZCI6NDg1NSwidXJsIjoiaHR0cHM6XC9cL3d3dy5ub3N5c2FiYS5tZ1wvd3AtY29udGVudFwvdXBsb2Fkc1wvMjAyNVwvMDRcL2FjdGl2aXRlLXRlcnJlc3RyZS1uYXV0aXF1ZTItMS5qcGciLCJzbGlkZXNob3ciOiJkZTg5MGUxIn0%3D\"><br \/>\n\t\t\t\t\t\t\t\t\t\t\t\t\t\t<\/a><br \/>\n\t\t\t\t\t\t\t<a href=\"https:\/\/www.nosysaba.mg\/wp-content\/uploads\/2025\/04\/activite-terrestre-nautique-nosybe.jpg\" data-elementor-open-lightbox=\"yes\" data-elementor-lightbox-slideshow=\"de890e1\" data-elementor-lightbox-title=\"activite-terrestre-nautique-nosybe\" data-e-action-hash=\"#elementor-action%3Aaction%3Dlightbox%26settings%3DeyJpZCI6NDg1OSwidXJsIjoiaHR0cHM6XC9cL3d3dy5ub3N5c2FiYS5tZ1wvd3AtY29udGVudFwvdXBsb2Fkc1wvMjAyNVwvMDRcL2FjdGl2aXRlLXRlcnJlc3RyZS1uYXV0aXF1ZS1ub3N5YmUuanBnIiwic2xpZGVzaG93IjoiZGU4OTBlMSJ9\"><br \/>\n\t\t\t\t\t\t\t\t\t\t\t\t\t\t<\/a><br \/>\n\t\t\t\t\t\t\t<a href=\"https:\/\/www.nosysaba.mg\/wp-content\/uploads\/2025\/04\/massage-nosy-be.jpg\" data-elementor-open-lightbox=\"yes\" data-elementor-lightbox-slideshow=\"de890e1\" data-elementor-lightbox-title=\"massage-nosy-be\" data-e-action-hash=\"#elementor-action%3Aaction%3Dlightbox%26settings%3DeyJpZCI6NDg3MywidXJsIjoiaHR0cHM6XC9cL3d3dy5ub3N5c2FiYS5tZ1wvd3AtY29udGVudFwvdXBsb2Fkc1wvMjAyNVwvMDRcL21hc3NhZ2Utbm9zeS1iZS5qcGciLCJzbGlkZXNob3ciOiJkZTg5MGUxIn0%3D\"><br \/>\n\t\t\t\t\t\t\t\t\t\t\t\t\t\t<\/a><br \/>\n\t\t\t\t\t\t\t<a href=\"https:\/\/www.nosysaba.mg\/wp-content\/uploads\/2025\/04\/activite-terrestre-nautique3.jpg\" data-elementor-open-lightbox=\"yes\" data-elementor-lightbox-slideshow=\"de890e1\" data-elementor-lightbox-title=\"activite-terrestre-nautique3\" data-e-action-hash=\"#elementor-action%3Aaction%3Dlightbox%26settings%3DeyJpZCI6NDg1NywidXJsIjoiaHR0cHM6XC9cL3d3dy5ub3N5c2FiYS5tZ1wvd3AtY29udGVudFwvdXBsb2Fkc1wvMjAyNVwvMDRcL2FjdGl2aXRlLXRlcnJlc3RyZS1uYXV0aXF1ZTMuanBnIiwic2xpZGVzaG93IjoiZGU4OTBlMSJ9\"><br \/>\n\t\t\t\t\t\t\t\t\t\t\t\t\t\t<\/a><br \/>\n\t\t\t\t\t\t\t<a href=\"https:\/\/www.nosysaba.mg\/wp-content\/uploads\/2025\/04\/immense-piscine-nosy-saba2.jpg\" data-elementor-open-lightbox=\"yes\" data-elementor-lightbox-slideshow=\"de890e1\" data-elementor-lightbox-title=\"immense-piscine-nosy-saba2\" data-e-action-hash=\"#elementor-action%3Aaction%3Dlightbox%26settings%3DeyJpZCI6NDg2NywidXJsIjoiaHR0cHM6XC9cL3d3dy5ub3N5c2FiYS5tZ1wvd3AtY29udGVudFwvdXBsb2Fkc1wvMjAyNVwvMDRcL2ltbWVuc2UtcGlzY2luZS1ub3N5LXNhYmEyLmpwZyIsInNsaWRlc2hvdyI6ImRlODkwZTEifQ%3D%3D\"><br \/>\n\t\t\t\t\t\t\t\t\t\t\t\t\t\t<\/a><br \/>\n\t\t\t\t\t\t\t<a href=\"https:\/\/www.nosysaba.mg\/wp-content\/uploads\/2025\/04\/jacuzzi-nosy-saba.jpg\" data-elementor-open-lightbox=\"yes\" data-elementor-lightbox-slideshow=\"de890e1\" data-elementor-lightbox-title=\"jacuzzi-nosy-saba\" data-e-action-hash=\"#elementor-action%3Aaction%3Dlightbox%26settings%3DeyJpZCI6NDg2OSwidXJsIjoiaHR0cHM6XC9cL3d3dy5ub3N5c2FiYS5tZ1wvd3AtY29udGVudFwvdXBsb2Fkc1wvMjAyNVwvMDRcL2phY3V6emktbm9zeS1zYWJhLmpwZyIsInNsaWRlc2hvdyI6ImRlODkwZTEifQ%3D%3D\"><br \/>\n\t\t\t\t\t\t\t\t\t\t\t\t\t\t<\/a><br \/>\n\t\t\t\t\t\t\t<a href=\"https:\/\/www.nosysaba.mg\/wp-content\/uploads\/2025\/04\/dauphins-nosybe.jpg\" data-elementor-open-lightbox=\"yes\" data-elementor-lightbox-slideshow=\"de890e1\" data-elementor-lightbox-title=\"dauphins-nosybe\" data-e-action-hash=\"#elementor-action%3Aaction%3Dlightbox%26settings%3DeyJpZCI6NDg2MSwidXJsIjoiaHR0cHM6XC9cL3d3dy5ub3N5c2FiYS5tZ1wvd3AtY29udGVudFwvdXBsb2Fkc1wvMjAyNVwvMDRcL2RhdXBoaW5zLW5vc3liZS5qcGciLCJzbGlkZXNob3ciOiJkZTg5MGUxIn0%3D\"><br \/>\n\t\t\t\t\t\t\t\t\t\t\t\t\t\t<\/a><br \/>\n\t\t\t\t\t\t\t<a href=\"https:\/\/www.nosysaba.mg\/wp-content\/uploads\/2025\/04\/golf-nosy-saba.jpg\" data-elementor-open-lightbox=\"yes\" data-elementor-lightbox-slideshow=\"de890e1\" data-elementor-lightbox-title=\"golf-nosy-saba\" data-e-action-hash=\"#elementor-action%3Aaction%3Dlightbox%26settings%3DeyJpZCI6NDg2MywidXJsIjoiaHR0cHM6XC9cL3d3dy5ub3N5c2FiYS5tZ1wvd3AtY29udGVudFwvdXBsb2Fkc1wvMjAyNVwvMDRcL2dvbGYtbm9zeS1zYWJhLmpwZyIsInNsaWRlc2hvdyI6ImRlODkwZTEifQ%3D%3D\"><br \/>\n\t\t\t\t\t\t\t\t\t\t\t\t\t\t<\/a><br \/>\n\t\t\t\t\t\t\t<a href=\"https:\/\/www.nosysaba.mg\/wp-content\/uploads\/2025\/04\/sport-activities-nosybe.jpg\" data-elementor-open-lightbox=\"yes\" data-elementor-lightbox-slideshow=\"de890e1\" data-elementor-lightbox-title=\"sport-activities-nosybe\" data-e-action-hash=\"#elementor-action%3Aaction%3Dlightbox%26settings%3DeyJpZCI6NDg3NSwidXJsIjoiaHR0cHM6XC9cL3d3dy5ub3N5c2FiYS5tZ1wvd3AtY29udGVudFwvdXBsb2Fkc1wvMjAyNVwvMDRcL3Nwb3J0LWFjdGl2aXRpZXMtbm9zeWJlLmpwZyIsInNsaWRlc2hvdyI6ImRlODkwZTEifQ%3D%3D\"><br \/>\n\t\t\t\t\t\t\t\t\t\t\t\t\t\t<\/a><br \/>\n\t\t[scroll_to_top]<\/p>\n","protected":false},"excerpt":{"rendered":"<p>LE ATTIVITA\u2019 Fare tutto o non far niente\u2026 Un dilemma gustoso ! Il mare lascia libero corso a tutte le voglie come un piccolo giro in canoa o in barca per partire ad incontrare i delfini, visitare le insenature ancora deserte o esplorare i fondali corallini e le loro ricchezze infinite. Amanti di sensazioni forti, [&hellip;]<\/p>\n","protected":false},"author":4,"featured_media":0,"parent":0,"menu_order":0,"comment_status":"closed","ping_status":"closed","template":"","meta":{"footnotes":""},"class_list":["post-5999","page","type-page","status-publish","hentry"],"yoast_head":"<!-- This site is optimized with the Yoast SEO plugin v27.5 - https:\/\/yoast.com\/product\/yoast-seo-wordpress\/ -->\n<title>Attivit\u00e0 terrestri e acquatiche intorno a Nosy Be sull&#039;isola privata<\/title>\n<meta name=\"description\" content=\"Esplora la diversit\u00e0 dell&#039;isola Hotel Nosy Saba, con escursioni alle Isole Radama attorno a Nosy Be e alle attivit\u00e0 sul mare del Nautical Club.\" \/>\n<meta name=\"robots\" content=\"index, follow, max-snippet:-1, max-image-preview:large, max-video-preview:-1\" \/>\n<link rel=\"canonical\" href=\"https:\/\/www.nosysaba.mg\/it\/activites-nosy-saba\/\" \/>\n<meta property=\"og:locale\" content=\"it_IT\" \/>\n<meta property=\"og:type\" content=\"article\" \/>\n<meta property=\"og:title\" content=\"Attivit\u00e0 terrestri e acquatiche intorno a Nosy Be sull&#039;isola privata\" \/>\n<meta property=\"og:description\" content=\"Esplora la diversit\u00e0 dell&#039;isola Hotel Nosy Saba, con escursioni alle Isole Radama attorno a Nosy Be e alle attivit\u00e0 sul mare del Nautical Club.\" \/>\n<meta property=\"og:url\" content=\"https:\/\/www.nosysaba.mg\/it\/activites-nosy-saba\/\" \/>\n<meta property=\"og:site_name\" content=\"Nosysaba\" \/>\n<meta property=\"article:publisher\" content=\"https:\/\/www.facebook.com\/Nosysaba\" \/>\n<meta property=\"article:modified_time\" content=\"2025-12-17T07:08:05+00:00\" \/>\n<meta property=\"og:image\" content=\"https:\/\/www.nosysaba.mg\/wp-content\/uploads\/2025\/03\/Arrow-6.svg\" \/>\n<meta name=\"twitter:card\" content=\"summary_large_image\" \/>\n<meta name=\"twitter:label1\" content=\"Tempo di lettura stimato\" \/>\n\t<meta name=\"twitter:data1\" content=\"5 minuti\" \/>\n<script type=\"application\/ld+json\" class=\"yoast-schema-graph\">{\"@context\":\"https:\\\/\\\/schema.org\",\"@graph\":[{\"@type\":\"WebPage\",\"@id\":\"https:\\\/\\\/www.nosysaba.mg\\\/it\\\/activites-nosy-saba\\\/\",\"url\":\"https:\\\/\\\/www.nosysaba.mg\\\/it\\\/activites-nosy-saba\\\/\",\"name\":\"Attivit\u00e0 terrestri e acquatiche intorno a Nosy Be sull'isola privata\",\"isPartOf\":{\"@id\":\"https:\\\/\\\/www.nosysaba.mg\\\/it\\\/#website\"},\"primaryImageOfPage\":{\"@id\":\"https:\\\/\\\/www.nosysaba.mg\\\/it\\\/activites-nosy-saba\\\/#primaryimage\"},\"image\":{\"@id\":\"https:\\\/\\\/www.nosysaba.mg\\\/it\\\/activites-nosy-saba\\\/#primaryimage\"},\"thumbnailUrl\":\"https:\\\/\\\/www.nosysaba.mg\\\/wp-content\\\/uploads\\\/2025\\\/03\\\/Arrow-6.svg\",\"datePublished\":\"2025-04-02T14:13:08+00:00\",\"dateModified\":\"2025-12-17T07:08:05+00:00\",\"description\":\"Esplora la diversit\u00e0 dell'isola Hotel Nosy Saba, con escursioni alle Isole Radama attorno a Nosy Be e alle attivit\u00e0 sul mare del Nautical Club.\",\"breadcrumb\":{\"@id\":\"https:\\\/\\\/www.nosysaba.mg\\\/it\\\/activites-nosy-saba\\\/#breadcrumb\"},\"inLanguage\":\"it-IT\",\"potentialAction\":[{\"@type\":\"ReadAction\",\"target\":[\"https:\\\/\\\/www.nosysaba.mg\\\/it\\\/activites-nosy-saba\\\/\"]}]},{\"@type\":\"ImageObject\",\"inLanguage\":\"it-IT\",\"@id\":\"https:\\\/\\\/www.nosysaba.mg\\\/it\\\/activites-nosy-saba\\\/#primaryimage\",\"url\":\"https:\\\/\\\/www.nosysaba.mg\\\/wp-content\\\/uploads\\\/2025\\\/03\\\/Arrow-6.svg\",\"contentUrl\":\"https:\\\/\\\/www.nosysaba.mg\\\/wp-content\\\/uploads\\\/2025\\\/03\\\/Arrow-6.svg\"},{\"@type\":\"BreadcrumbList\",\"@id\":\"https:\\\/\\\/www.nosysaba.mg\\\/it\\\/activites-nosy-saba\\\/#breadcrumb\",\"itemListElement\":[{\"@type\":\"ListItem\",\"position\":1,\"name\":\"Accueil\",\"item\":\"https:\\\/\\\/www.nosysaba.mg\\\/it\\\/home\\\/\"},{\"@type\":\"ListItem\",\"position\":2,\"name\":\"Attivita&rsquo;\"}]},{\"@type\":\"WebSite\",\"@id\":\"https:\\\/\\\/www.nosysaba.mg\\\/it\\\/#website\",\"url\":\"https:\\\/\\\/www.nosysaba.mg\\\/it\\\/\",\"name\":\"Nosy Saba private Island and Spa\",\"description\":\"A Whole private Island , just for you and your guests!\",\"publisher\":{\"@id\":\"https:\\\/\\\/www.nosysaba.mg\\\/it\\\/#organization\"},\"potentialAction\":[{\"@type\":\"SearchAction\",\"target\":{\"@type\":\"EntryPoint\",\"urlTemplate\":\"https:\\\/\\\/www.nosysaba.mg\\\/it\\\/?s={search_term_string}\"},\"query-input\":{\"@type\":\"PropertyValueSpecification\",\"valueRequired\":true,\"valueName\":\"search_term_string\"}}],\"inLanguage\":\"it-IT\"},{\"@type\":\"Organization\",\"@id\":\"https:\\\/\\\/www.nosysaba.mg\\\/it\\\/#organization\",\"name\":\"NOSY SABA PRIVATE ISLAND AND SPA\",\"url\":\"https:\\\/\\\/www.nosysaba.mg\\\/it\\\/\",\"logo\":{\"@type\":\"ImageObject\",\"inLanguage\":\"it-IT\",\"@id\":\"https:\\\/\\\/www.nosysaba.mg\\\/it\\\/#\\\/schema\\\/logo\\\/image\\\/\",\"url\":\"https:\\\/\\\/www.nosysaba.mg\\\/wp-content\\\/uploads\\\/2026\\\/03\\\/NOSY-SABA-78-scaled.jpg\",\"contentUrl\":\"https:\\\/\\\/www.nosysaba.mg\\\/wp-content\\\/uploads\\\/2026\\\/03\\\/NOSY-SABA-78-scaled.jpg\",\"width\":2560,\"height\":1438,\"caption\":\"NOSY SABA PRIVATE ISLAND AND SPA\"},\"image\":{\"@id\":\"https:\\\/\\\/www.nosysaba.mg\\\/it\\\/#\\\/schema\\\/logo\\\/image\\\/\"},\"sameAs\":[\"https:\\\/\\\/www.facebook.com\\\/Nosysaba\",\"https:\\\/\\\/www.instagram.com\\\/nosysaba\\\/\"]}]}<\/script>\n<!-- \/ Yoast SEO plugin. -->","yoast_head_json":{"title":"Attivit\u00e0 terrestri e acquatiche intorno a Nosy Be sull'isola privata","description":"Esplora la diversit\u00e0 dell'isola Hotel Nosy Saba, con escursioni alle Isole Radama attorno a Nosy Be e alle attivit\u00e0 sul mare del Nautical Club.","robots":{"index":"index","follow":"follow","max-snippet":"max-snippet:-1","max-image-preview":"max-image-preview:large","max-video-preview":"max-video-preview:-1"},"canonical":"https:\/\/www.nosysaba.mg\/it\/activites-nosy-saba\/","og_locale":"it_IT","og_type":"article","og_title":"Attivit\u00e0 terrestri e acquatiche intorno a Nosy Be sull'isola privata","og_description":"Esplora la diversit\u00e0 dell'isola Hotel Nosy Saba, con escursioni alle Isole Radama attorno a Nosy Be e alle attivit\u00e0 sul mare del Nautical Club.","og_url":"https:\/\/www.nosysaba.mg\/it\/activites-nosy-saba\/","og_site_name":"Nosysaba","article_publisher":"https:\/\/www.facebook.com\/Nosysaba","article_modified_time":"2025-12-17T07:08:05+00:00","og_image":[{"url":"https:\/\/www.nosysaba.mg\/wp-content\/uploads\/2025\/03\/Arrow-6.svg","type":"","width":"","height":""}],"twitter_card":"summary_large_image","twitter_misc":{"Tempo di lettura stimato":"5 minuti"},"schema":{"@context":"https:\/\/schema.org","@graph":[{"@type":"WebPage","@id":"https:\/\/www.nosysaba.mg\/it\/activites-nosy-saba\/","url":"https:\/\/www.nosysaba.mg\/it\/activites-nosy-saba\/","name":"Attivit\u00e0 terrestri e acquatiche intorno a Nosy Be sull'isola privata","isPartOf":{"@id":"https:\/\/www.nosysaba.mg\/it\/#website"},"primaryImageOfPage":{"@id":"https:\/\/www.nosysaba.mg\/it\/activites-nosy-saba\/#primaryimage"},"image":{"@id":"https:\/\/www.nosysaba.mg\/it\/activites-nosy-saba\/#primaryimage"},"thumbnailUrl":"https:\/\/www.nosysaba.mg\/wp-content\/uploads\/2025\/03\/Arrow-6.svg","datePublished":"2025-04-02T14:13:08+00:00","dateModified":"2025-12-17T07:08:05+00:00","description":"Esplora la diversit\u00e0 dell'isola Hotel Nosy Saba, con escursioni alle Isole Radama attorno a Nosy Be e alle attivit\u00e0 sul mare del Nautical Club.","breadcrumb":{"@id":"https:\/\/www.nosysaba.mg\/it\/activites-nosy-saba\/#breadcrumb"},"inLanguage":"it-IT","potentialAction":[{"@type":"ReadAction","target":["https:\/\/www.nosysaba.mg\/it\/activites-nosy-saba\/"]}]},{"@type":"ImageObject","inLanguage":"it-IT","@id":"https:\/\/www.nosysaba.mg\/it\/activites-nosy-saba\/#primaryimage","url":"https:\/\/www.nosysaba.mg\/wp-content\/uploads\/2025\/03\/Arrow-6.svg","contentUrl":"https:\/\/www.nosysaba.mg\/wp-content\/uploads\/2025\/03\/Arrow-6.svg"},{"@type":"BreadcrumbList","@id":"https:\/\/www.nosysaba.mg\/it\/activites-nosy-saba\/#breadcrumb","itemListElement":[{"@type":"ListItem","position":1,"name":"Accueil","item":"https:\/\/www.nosysaba.mg\/it\/home\/"},{"@type":"ListItem","position":2,"name":"Attivita&rsquo;"}]},{"@type":"WebSite","@id":"https:\/\/www.nosysaba.mg\/it\/#website","url":"https:\/\/www.nosysaba.mg\/it\/","name":"Nosy Saba private Island and Spa","description":"A Whole private Island , just for you and your guests!","publisher":{"@id":"https:\/\/www.nosysaba.mg\/it\/#organization"},"potentialAction":[{"@type":"SearchAction","target":{"@type":"EntryPoint","urlTemplate":"https:\/\/www.nosysaba.mg\/it\/?s={search_term_string}"},"query-input":{"@type":"PropertyValueSpecification","valueRequired":true,"valueName":"search_term_string"}}],"inLanguage":"it-IT"},{"@type":"Organization","@id":"https:\/\/www.nosysaba.mg\/it\/#organization","name":"NOSY SABA PRIVATE ISLAND AND SPA","url":"https:\/\/www.nosysaba.mg\/it\/","logo":{"@type":"ImageObject","inLanguage":"it-IT","@id":"https:\/\/www.nosysaba.mg\/it\/#\/schema\/logo\/image\/","url":"https:\/\/www.nosysaba.mg\/wp-content\/uploads\/2026\/03\/NOSY-SABA-78-scaled.jpg","contentUrl":"https:\/\/www.nosysaba.mg\/wp-content\/uploads\/2026\/03\/NOSY-SABA-78-scaled.jpg","width":2560,"height":1438,"caption":"NOSY SABA PRIVATE ISLAND AND SPA"},"image":{"@id":"https:\/\/www.nosysaba.mg\/it\/#\/schema\/logo\/image\/"},"sameAs":["https:\/\/www.facebook.com\/Nosysaba","https:\/\/www.instagram.com\/nosysaba\/"]}]}},"_links":{"self":[{"href":"https:\/\/www.nosysaba.mg\/it\/wp-json\/wp\/v2\/pages\/5999","targetHints":{"allow":["GET"]}}],"collection":[{"href":"https:\/\/www.nosysaba.mg\/it\/wp-json\/wp\/v2\/pages"}],"about":[{"href":"https:\/\/www.nosysaba.mg\/it\/wp-json\/wp\/v2\/types\/page"}],"author":[{"embeddable":true,"href":"https:\/\/www.nosysaba.mg\/it\/wp-json\/wp\/v2\/users\/4"}],"replies":[{"embeddable":true,"href":"https:\/\/www.nosysaba.mg\/it\/wp-json\/wp\/v2\/comments?post=5999"}],"version-history":[{"count":0,"href":"https:\/\/www.nosysaba.mg\/it\/wp-json\/wp\/v2\/pages\/5999\/revisions"}],"wp:attachment":[{"href":"https:\/\/www.nosysaba.mg\/it\/wp-json\/wp\/v2\/media?parent=5999"}],"curies":[{"name":"wp","href":"https:\/\/api.w.org\/{rel}","templated":true}]}}